{"id":880,"date":"2021-08-15T11:30:03","date_gmt":"2021-08-15T09:30:03","guid":{"rendered":"http:\/\/webx-pixel.de\/auto-lagune\/?page_id=880"},"modified":"2021-08-15T11:35:02","modified_gmt":"2021-08-15T09:35:02","slug":"hinweise","status":"publish","type":"page","link":"https:\/\/webx-pixel.de\/auto-lagune\/hinweise\/","title":{"rendered":"Hinweise"},"content":{"rendered":"<section class=\"kc-elm kc-css-647610 kc_row\"><div class=\"kc-row-container  kc-container\"><div class=\"kc-wrap-columns\"><div class=\"kc-elm kc-css-18306 kc_col-sm-12 kc_column kc_col-sm-12\"><div class=\"kc-col-container\"><div class=\"kc-elm kc-css-461364 kc_text_block\"><\/p>\n<ol>\n<li>Die Benutzung der SB-Waschanlage erfolgt unter Zugrundelegung der nachfolgenden Bedingungen: Die Anweisungen des Betreibers sind zu beachten, den Anweisungen des Personals ist Folge zu leisten.<\/li>\n<li>Schwamm und Eimer sowie die Verwendung mitgebrachter Reinigungsmittel ist verboten.<\/li>\n<li><strong>Das Reinigen von Pferdeanh\u00e4ngern und landwirtschaftlichen Fahrzeugen ist nicht gestattet, bei Zuwiderhandlung erfolgt Anzeige.<\/strong><\/li>\n<li>Bei Verlassen des Waschplatzes ist darauf zu achten das dieser sich im sauberen Zustand befindet, bei starker Verunreinigung bitte groben Schmutz entfernen.<\/li>\n<li>Reparatur- und Wartungsarbeiten sind nicht gestattet.<\/li>\n<li>In die vorhandenen M\u00fcllbeh\u00e4lter darf nur Abfall aus der unmittelbaren Fahrzeugreinigung eingeworfen werden.<\/li>\n<li>Kaltreiniger und Fremdwaschmittel sind nicht zul\u00e4ssig. Ein Versto\u00df gegen die o.g. Reinigungsrichtlinien kann zu einer erheblichen Umweltbelastung f\u00fchren, so da\u00df Stoffe nicht durch die Filteranlage ausgefiltert werden und ins Abwasser gelangen. Wer hierdurch dazu beitr\u00e4gt verst\u00f6\u00dft gegen gesetzl. Vorschriften und macht sich strafbar! F\u00fcr ein Bu\u00dfgeld, das dem Anlagenbetreiber entsteht, wird der Verursacher haftbar gemacht.<\/li>\n<li>Der Benutzer hat sich vor Inbetriebnahme der Ger\u00e4te davon zu \u00fcberzeugen, da\u00df sich diese in einem einwandfreien Zustand befinden, bei \u00e4u\u00dferlich erkennbaren M\u00e4ngeln ist ein anderer Waschplatz zu benutzen.<\/li>\n<li>Bei Sch\u00e4den durch Nichtbeachtung dieser Benutzungs- bzw. Bedienungsvorschriften haftet der Anlagenbetreiber nicht.<\/li>\n<li><strong>Achtung! Bei Frost wird nicht gestreut. Betreten und Benutzen der Anlage erfolgt auf eigene Gefahr.<\/strong><\/li>\n<li>Auf dem Gel\u00e4nde ist Schritt zu fahren. Es gilt die STVO.<\/li>\n<li>Sollte eine Bedingung oder ein Teil derselben ung\u00fcltig sein, bleibt die Wirksamkeit der \u00fcbrigen Vereinbarungen unber\u00fchrt.<\/li>\n<\/ol>\n<p>\n<\/div><\/div><\/div><\/div><\/div><\/section>\n","protected":false},"excerpt":{"rendered":"","protected":false},"author":1,"featured_media":0,"parent":0,"menu_order":0,"comment_status":"closed","ping_status":"closed","template":"","meta":[],"_links":{"self":[{"href":"https:\/\/webx-pixel.de\/auto-lagune\/wp-json\/wp\/v2\/pages\/880"}],"collection":[{"href":"https:\/\/webx-pixel.de\/auto-lagune\/wp-json\/wp\/v2\/pages"}],"about":[{"href":"https:\/\/webx-pixel.de\/auto-lagune\/wp-json\/wp\/v2\/types\/page"}],"author":[{"embeddable":true,"href":"https:\/\/webx-pixel.de\/auto-lagune\/wp-json\/wp\/v2\/users\/1"}],"replies":[{"embeddable":true,"href":"https:\/\/webx-pixel.de\/auto-lagune\/wp-json\/wp\/v2\/comments?post=880"}],"version-history":[{"count":3,"href":"https:\/\/webx-pixel.de\/auto-lagune\/wp-json\/wp\/v2\/pages\/880\/revisions"}],"predecessor-version":[{"id":883,"href":"https:\/\/webx-pixel.de\/auto-lagune\/wp-json\/wp\/v2\/pages\/880\/revisions\/883"}],"wp:attachment":[{"href":"https:\/\/webx-pixel.de\/auto-lagune\/wp-json\/wp\/v2\/media?parent=880"}],"curies":[{"name":"wp","href":"https:\/\/api.w.org\/{rel}","templated":true}]}}